{"id":13697,"date":"2020-08-27T23:42:03","date_gmt":"2020-08-27T20:42:03","guid":{"rendered":"https:\/\/routesforgood.com\/faq\/"},"modified":"2023-01-05T14:45:59","modified_gmt":"2023-01-05T14:45:59","slug":"faq","status":"publish","type":"page","link":"https:\/\/routesforgood.com\/fr\/faq\/","title":{"rendered":"FAQ"},"content":{"rendered":"\t\t<div data-elementor-type=\"wp-page\" data-elementor-id=\"13697\" class=\"elementor elementor-13697 elementor-9870\">\n\t\t\t\t\t\t\t\t\t<section data-particle_enable=\"false\" data-particle-mobile-disabled=\"false\" class=\"elementor-section elementor-top-section elementor-element elementor-element-9ccfe22 elementor-section-full_width elementor-section-height-default elementor-section-height-default\" data-id=\"9ccfe22\" data-element_type=\"section\">\n\t\t\t\t\t\t<div class=\"elementor-container elementor-column-gap-default\">\n\t\t\t\t\t<div class=\"elementor-column elementor-col-100 elementor-top-column elementor-element elementor-element-2fcf8b0\" data-id=\"2fcf8b0\" data-element_type=\"column\">\n\t\t\t<div class=\"elementor-widget-wrap elementor-element-populated\">\n\t\t\t\t\t\t\t\t<div class=\"elementor-element elementor-element-2be1afa acenter elementor-widget elementor-widget-wgl-double-headings\" data-id=\"2be1afa\" data-element_type=\"widget\" data-widget_type=\"wgl-double-headings.default\">\n\t\t\t\t<div class=\"elementor-widget-container\">\n\t\t\t        <div class=\"wgl-double_heading\"><h3 class=\"dbl__title-wrapper\"><span class=\"dbl__title dbl-title_1\">Tent\u00e9s par nos s\u00e9jours et notre philosophie, mais toujours des doutes ou pr\u00e9occupations? Nous sommes ici pour vous aider!<\/span><\/h3>        <\/div>\t\t<\/div>\n\t\t\t\t<\/div>\n\t\t\t\t\t<\/div>\n\t\t<\/div>\n\t\t\t\t\t\t\t<\/div>\n\t\t<\/section>\n\t\t\t\t<section data-particle_enable=\"false\" data-particle-mobile-disabled=\"false\" class=\"elementor-section elementor-top-section elementor-element elementor-element-0c68329 elementor-section-boxed elementor-section-height-default elementor-section-height-default\" data-id=\"0c68329\" data-element_type=\"section\">\n\t\t\t\t\t\t<div class=\"elementor-container elementor-column-gap-default\">\n\t\t\t\t\t<div class=\"elementor-column elementor-col-100 elementor-top-column elementor-element elementor-element-8671b90\" data-id=\"8671b90\" data-element_type=\"column\">\n\t\t\t<div class=\"elementor-widget-wrap elementor-element-populated\">\n\t\t\t\t\t\t\t\t<div class=\"elementor-element elementor-element-64678dd elementor-widget elementor-widget-spacer\" data-id=\"64678dd\" data-element_type=\"widget\" data-widget_type=\"spacer.default\">\n\t\t\t\t<div class=\"elementor-widget-container\">\n\t\t\t<style>\/*! elementor - v3.14.0 - 26-06-2023 *\/\n.elementor-column .elementor-spacer-inner{height:var(--spacer-size)}.e-con{--container-widget-width:100%}.e-con-inner>.elementor-widget-spacer,.e-con>.elementor-widget-spacer{width:var(--container-widget-width,var(--spacer-size));--align-self:var(--container-widget-align-self,initial);--flex-shrink:0}.e-con-inner>.elementor-widget-spacer>.elementor-widget-container,.e-con-inner>.elementor-widget-spacer>.elementor-widget-container>.elementor-spacer,.e-con>.elementor-widget-spacer>.elementor-widget-container,.e-con>.elementor-widget-spacer>.elementor-widget-container>.elementor-spacer{height:100%}.e-con-inner>.elementor-widget-spacer>.elementor-widget-container>.elementor-spacer>.elementor-spacer-inner,.e-con>.elementor-widget-spacer>.elementor-widget-container>.elementor-spacer>.elementor-spacer-inner{height:var(--container-widget-height,var(--spacer-size))}<\/style>\t\t<div class=\"elementor-spacer\">\n\t\t\t<div class=\"elementor-spacer-inner\"><\/div>\n\t\t<\/div>\n\t\t\t\t<\/div>\n\t\t\t\t<\/div>\n\t\t\t\t\t<\/div>\n\t\t<\/div>\n\t\t\t\t\t\t\t<\/div>\n\t\t<\/section>\n\t\t\t\t<section data-particle_enable=\"false\" data-particle-mobile-disabled=\"false\" class=\"elementor-section elementor-top-section elementor-element elementor-element-eb4fe62 elementor-section-full_width elementor-section-height-default elementor-section-height-default\" data-id=\"eb4fe62\" data-element_type=\"section\">\n\t\t\t\t\t\t<div class=\"elementor-container elementor-column-gap-default\">\n\t\t\t\t\t<div class=\"elementor-column elementor-col-100 elementor-top-column elementor-element elementor-element-48d4031\" data-id=\"48d4031\" data-element_type=\"column\">\n\t\t\t<div class=\"elementor-widget-wrap elementor-element-populated\">\n\t\t\t\t\t\t\t\t<div class=\"elementor-element elementor-element-0dcfed5 elementor-widget elementor-widget-text-editor\" data-id=\"0dcfed5\" data-element_type=\"widget\" data-widget_type=\"text-editor.default\">\n\t\t\t\t<div class=\"elementor-widget-container\">\n\t\t\t<style>\/*! elementor - v3.14.0 - 26-06-2023 *\/\n.elementor-widget-text-editor.elementor-drop-cap-view-stacked .elementor-drop-cap{background-color:#69727d;color:#fff}.elementor-widget-text-editor.elementor-drop-cap-view-framed .elementor-drop-cap{color:#69727d;border:3px solid;background-color:transparent}.elementor-widget-text-editor:not(.elementor-drop-cap-view-default) .elementor-drop-cap{margin-top:8px}.elementor-widget-text-editor:not(.elementor-drop-cap-view-default) .elementor-drop-cap-letter{width:1em;height:1em}.elementor-widget-text-editor .elementor-drop-cap{float:left;text-align:center;line-height:1;font-size:50px}.elementor-widget-text-editor .elementor-drop-cap-letter{display:inline-block}<\/style>\t\t\t\tSi vous avez la moindre question en t\u00eate, \u00e0 laquelle nous n\u2019avons pas pu r\u00e9pondre ici, n\u2019h\u00e9sitez pas \u00e0 nous \u00e9crire directement \u00e0 l\u2019adresse suivante:  <a href=\"mailto:contact@routesforgood.com\">contact@routesforgood.com<\/a>\t\t\t\t\t\t<\/div>\n\t\t\t\t<\/div>\n\t\t\t\t\t<\/div>\n\t\t<\/div>\n\t\t\t\t\t\t\t<\/div>\n\t\t<\/section>\n\t\t\t\t<section data-particle_enable=\"false\" data-particle-mobile-disabled=\"false\" class=\"elementor-section elementor-top-section elementor-element elementor-element-4ce8615 elementor-section-boxed elementor-section-height-default elementor-section-height-default\" data-id=\"4ce8615\" data-element_type=\"section\">\n\t\t\t\t\t\t<div class=\"elementor-container elementor-column-gap-default\">\n\t\t\t\t\t<div class=\"elementor-column elementor-col-100 elementor-top-column elementor-element elementor-element-1749267\" data-id=\"1749267\" data-element_type=\"column\">\n\t\t\t<div class=\"elementor-widget-wrap elementor-element-populated\">\n\t\t\t\t\t\t\t\t<div class=\"elementor-element elementor-element-ce2d346 elementor-widget elementor-widget-spacer\" data-id=\"ce2d346\" data-element_type=\"widget\" data-widget_type=\"spacer.default\">\n\t\t\t\t<div class=\"elementor-widget-container\">\n\t\t\t\t\t<div class=\"elementor-spacer\">\n\t\t\t<div class=\"elementor-spacer-inner\"><\/div>\n\t\t<\/div>\n\t\t\t\t<\/div>\n\t\t\t\t<\/div>\n\t\t\t\t\t<\/div>\n\t\t<\/div>\n\t\t\t\t\t\t\t<\/div>\n\t\t<\/section>\n\t\t\t\t<section data-particle_enable=\"false\" data-particle-mobile-disabled=\"false\" class=\"elementor-section elementor-top-section elementor-element elementor-element-925e512 elementor-section-boxed elementor-section-height-default elementor-section-height-default\" data-id=\"925e512\" data-element_type=\"section\">\n\t\t\t\t\t\t<div class=\"elementor-container elementor-column-gap-default\">\n\t\t\t\t\t<div class=\"elementor-column elementor-col-50 elementor-top-column elementor-element elementor-element-d5718d1\" data-id=\"d5718d1\" data-element_type=\"column\">\n\t\t\t<div class=\"elementor-widget-wrap elementor-element-populated\">\n\t\t\t\t\t\t\t\t<div class=\"elementor-element elementor-element-3e61f64 elementor-view-default elementor-widget elementor-widget-wgl-toggle-accordion\" data-id=\"3e61f64\" data-element_type=\"widget\" data-widget_type=\"wgl-toggle-accordion.default\">\n\t\t\t\t<div class=\"elementor-widget-container\">\n\t\t\t<div class=\"wgl-accordion icon-plus\" id=\"wgl-accordion-3e61f64\" data-type=\"accordion\"><div class=\"wgl-accordion_panel\"><h3 id=\"wgl-accordion_header-6541\" class=\"wgl-accordion_header\" data-default=\"yes\"><span class=\"wgl-accordion_title\">Vos voyages sont-ils organis\u00e9s et pr\u00e9vus \u00e0 des dates en particulier ?<\/span><i class=\"wgl-accordion_icon elementor-icon \"><\/i><\/h3><div class=\"wgl-accordion_content\"><span>Nous offrons \u00e0 la fois des voyages organis\u00e9s en petit groupe sur des dates pr\u00e9cises, et \u00e0 la fois des voyages priv\u00e9s, personnalis\u00e9s et sur mesure.<\/span><\/div><\/div><div class=\"wgl-accordion_panel\"><h3 id=\"wgl-accordion_header-6542\" class=\"wgl-accordion_header\" data-default=\"\"><span class=\"wgl-accordion_title\">Combien de personnes peuvent voyager sur nos sentiers?<\/span><i class=\"wgl-accordion_icon elementor-icon \"><\/i><\/h3><div class=\"wgl-accordion_content\"><span>Le nombre de personnes maximum par groupe fixe \u00e0 6 seulement, afin de pr\u00e9server et d\u2019appr\u00e9cier le caract\u00e8re intime et personnel de l\u2019exp\u00e9rience. En ce qui concerne les voyages priv\u00e9s, nous n\u2019avons pas de restrictions sur le nombre de personnes. L\u2019adaptabilit\u00e9 est le moteur de notre projet, ce qui signifie que l\u2019on peut tout \u00e0 fait organiser un service pour un grand groupe de personnes qui souhaitent partir ensemble.<\/span><span>\u00a0<\/span><\/div><\/div><div class=\"wgl-accordion_panel\"><h3 id=\"wgl-accordion_header-6543\" class=\"wgl-accordion_header\" data-default=\"\"><span class=\"wgl-accordion_title\">Puis-je voyager avec vous si je voyage seul?<\/span><i class=\"wgl-accordion_icon elementor-icon \"><\/i><\/h3><div class=\"wgl-accordion_content\">Bien s\u00fbr! Nos partenaires sont la compagnie la plus adapt\u00e9e et la plus fiable pour les personnes qui voyagent seules et peuvent leur offrir une exp\u00e9rience unique et secure.<\/div><\/div><div class=\"wgl-accordion_panel\"><h3 id=\"wgl-accordion_header-6544\" class=\"wgl-accordion_header\" data-default=\"\"><span class=\"wgl-accordion_title\">Quel est le tarif des s\u00e9jours?<\/span><i class=\"wgl-accordion_icon elementor-icon \"><\/i><\/h3><div class=\"wgl-accordion_content\">Le prix de nos voyages d\u00e9pend d\u2019abord de la dur\u00e9e, de l' estimation du parcours et du nombre de personnes. \nChaque s\u00e9jour est unique, tout comme les personnes qui souhaitent partir avec nous. Notre objectif est de planifier un itin\u00e9raire bas\u00e9 sur vos besoins et vos pr\u00e9f\u00e9rences, pour faire en sorte que le r\u00eave devienne r\u00e9alit\u00e9!\n<\/div><\/div><\/div>\t\t<\/div>\n\t\t\t\t<\/div>\n\t\t\t\t\t<\/div>\n\t\t<\/div>\n\t\t\t\t<div class=\"elementor-column elementor-col-50 elementor-top-column elementor-element elementor-element-71346a6\" data-id=\"71346a6\" data-element_type=\"column\">\n\t\t\t<div class=\"elementor-widget-wrap elementor-element-populated\">\n\t\t\t\t\t\t\t\t<div class=\"elementor-element elementor-element-3a89deb elementor-view-default elementor-widget elementor-widget-wgl-toggle-accordion\" data-id=\"3a89deb\" data-element_type=\"widget\" data-widget_type=\"wgl-toggle-accordion.default\">\n\t\t\t\t<div class=\"elementor-widget-container\">\n\t\t\t<div class=\"wgl-accordion icon-plus\" id=\"wgl-accordion-3a89deb\" data-type=\"accordion\"><div class=\"wgl-accordion_panel\"><h4 id=\"wgl-accordion_header-6131\" class=\"wgl-accordion_header\" data-default=\"yes\"><span class=\"wgl-accordion_title\">Comment s\u2019assurer que vos partenaires soient \u00e9quitablement r\u00e9mun\u00e9r\u00e9s?<\/span><i class=\"wgl-accordion_icon elementor-icon \"><\/i><\/h4><div class=\"wgl-accordion_content\">Nous avons choisi un model d\u2019entreprise qui autorise nos partenaires \u00e0 estimer et fixer leurs propres tarifications, que le voyageur versera directement. Routes for good ajoute \u00e0 cela des frais de gestion (+8%), qui seront pr\u00e9lev\u00e9s en suppl\u00e9ment plut\u00f4t que sur l\u2019argent revers\u00e9 aux collaborateurs. Ainsi vous saurez constamment o\u00f9 va votre argent.<\/div><\/div><div class=\"wgl-accordion_panel\"><h4 id=\"wgl-accordion_header-6132\" class=\"wgl-accordion_header\" data-default=\"\"><span class=\"wgl-accordion_title\">Vos s\u00e9jours comportent-ils du danger?<\/span><i class=\"wgl-accordion_icon elementor-icon \"><\/i><\/h4><div class=\"wgl-accordion_content\">Les zones que nous visitons sont lointaines et les chemins traces hors des sentiers battus, ce qui ne signifie pas qu\u2019ils soient dangereux!\nApr\u00e8s tout, nos partenaires sont des habitants locaux et savent mieux que personne comment organiser un voyage s\u00e9curis\u00e9, comment s\u2019en sortir face au moindre \u00e9v\u00e9nement qui pourrait survenir. \nNos guides prennent toutes les mesures pour vous placer en s\u00e9curit\u00e9 et \u00e9viter les situations qui pourraient venir perturber ou affecter votre voyage.\n<\/div><\/div><div class=\"wgl-accordion_panel\"><h4 id=\"wgl-accordion_header-6133\" class=\"wgl-accordion_header\" data-default=\"\"><span class=\"wgl-accordion_title\">Puis je voyager avec des enfants?<\/span><i class=\"wgl-accordion_icon elementor-icon \"><\/i><\/h4><div class=\"wgl-accordion_content\">Nos destinations ne sont pas des lieux inappropri\u00e9s pour les enfants. Au contraire, nous sommes plut\u00f4t convaincus que cela puisse \u00eatre utile et \u00e9ducatif pour les petits expos\u00e9s d\u00e8s le plus jeune \u00e2ge \u00e0 des situations et cultures diff\u00e9rentes. \nNous pouvons dessiner un parcours qui vienne inclure des lieux adapt\u00e9s aux enfants et des activit\u00e9s amusantes. Cela dit, le voyageur doit toujours garder \u00e0 l\u2019esprit que les zones dans lesquelles nous nous rendons sont des zones difficiles d\u2019acc\u00e8s, aux trajets parfois longs et sur des routes en mauvais \u00e9tat! \nAussi, ne pas oublier le caract\u00e8re minimaliste et basique de l\u2019alimentation et de l\u2019h\u00e9bergement.\n<\/div><\/div><\/div>\t\t<\/div>\n\t\t\t\t<\/div>\n\t\t\t\t\t<\/div>\n\t\t<\/div>\n\t\t\t\t\t\t\t<\/div>\n\t\t<\/section>\n\t\t\t\t<section data-particle_enable=\"false\" data-particle-mobile-disabled=\"false\" class=\"elementor-section elementor-top-section elementor-element elementor-element-3d0891c elementor-section-boxed elementor-section-height-default elementor-section-height-default\" data-id=\"3d0891c\" data-element_type=\"section\">\n\t\t\t\t\t\t<div class=\"elementor-container elementor-column-gap-default\">\n\t\t\t\t\t<div class=\"elementor-column elementor-col-100 elementor-top-column elementor-element elementor-element-2f3c02f\" data-id=\"2f3c02f\" data-element_type=\"column\">\n\t\t\t<div class=\"elementor-widget-wrap elementor-element-populated\">\n\t\t\t\t\t\t\t\t<div class=\"elementor-element elementor-element-7153c2c elementor-widget elementor-widget-spacer\" data-id=\"7153c2c\" data-element_type=\"widget\" data-widget_type=\"spacer.default\">\n\t\t\t\t<div class=\"elementor-widget-container\">\n\t\t\t\t\t<div class=\"elementor-spacer\">\n\t\t\t<div class=\"elementor-spacer-inner\"><\/div>\n\t\t<\/div>\n\t\t\t\t<\/div>\n\t\t\t\t<\/div>\n\t\t\t\t\t<\/div>\n\t\t<\/div>\n\t\t\t\t\t\t\t<\/div>\n\t\t<\/section>\n\t\t\t\t\t\t\t<\/div>\n\t\t","protected":false},"excerpt":{"rendered":"<p>Tent\u00e9s par nos s\u00e9jours et notre philosophie, mais toujours des doutes ou pr\u00e9occupations? Nous sommes ici pour vous aider! Si vous avez la moindre question en t\u00eate, \u00e0 laquelle nous n\u2019avons pas pu r\u00e9pondre ici, n\u2019h\u00e9sitez pas \u00e0 nous \u00e9crire directement \u00e0 l\u2019adresse suivante: contact@routesforgood.com Vos voyages sont-ils organis\u00e9s et pr\u00e9vus \u00e0 des dates en [&hellip;]<\/p>\n","protected":false},"author":2,"featured_media":0,"parent":0,"menu_order":0,"comment_status":"closed","ping_status":"closed","template":"","meta":{"footnotes":""},"class_list":["post-13697","page","type-page","status-publish","hentry"],"yoast_head":"<!-- This site is optimized with the Yoast SEO plugin v24.4 - https:\/\/yoast.com\/wordpress\/plugins\/seo\/ -->\n<title>FAQ - Routes for good<\/title>\n<meta name=\"robots\" content=\"index, follow, max-snippet:-1, max-image-preview:large, max-video-preview:-1\" \/>\n<link rel=\"canonical\" href=\"https:\/\/routesforgood.com\/fr\/faq\/\" \/>\n<meta property=\"og:locale\" content=\"fr_FR\" \/>\n<meta property=\"og:type\" content=\"article\" \/>\n<meta property=\"og:title\" content=\"FAQ - Routes for good\" \/>\n<meta property=\"og:description\" content=\"Tent\u00e9s par nos s\u00e9jours et notre philosophie, mais toujours des doutes ou pr\u00e9occupations? Nous sommes ici pour vous aider! Si vous avez la moindre question en t\u00eate, \u00e0 laquelle nous n\u2019avons pas pu r\u00e9pondre ici, n\u2019h\u00e9sitez pas \u00e0 nous \u00e9crire directement \u00e0 l\u2019adresse suivante: contact@routesforgood.com Vos voyages sont-ils organis\u00e9s et pr\u00e9vus \u00e0 des dates en [&hellip;]\" \/>\n<meta property=\"og:url\" content=\"https:\/\/routesforgood.com\/fr\/faq\/\" \/>\n<meta property=\"og:site_name\" content=\"Routes for good\" \/>\n<meta property=\"article:publisher\" content=\"https:\/\/www.facebook.com\/routesforgood\" \/>\n<meta property=\"article:modified_time\" content=\"2023-01-05T14:45:59+00:00\" \/>\n<meta name=\"twitter:card\" content=\"summary_large_image\" \/>\n<meta name=\"twitter:label1\" content=\"Est. reading time\" \/>\n\t<meta name=\"twitter:data1\" content=\"3 minutes\" \/>\n<script type=\"application\/ld+json\" class=\"yoast-schema-graph\">{\"@context\":\"https:\/\/schema.org\",\"@graph\":[{\"@type\":\"WebPage\",\"@id\":\"https:\/\/routesforgood.com\/fr\/faq\/\",\"url\":\"https:\/\/routesforgood.com\/fr\/faq\/\",\"name\":\"FAQ - Routes for good\",\"isPartOf\":{\"@id\":\"https:\/\/routesforgood.com\/fr\/#website\"},\"datePublished\":\"2020-08-27T20:42:03+00:00\",\"dateModified\":\"2023-01-05T14:45:59+00:00\",\"breadcrumb\":{\"@id\":\"https:\/\/routesforgood.com\/fr\/faq\/#breadcrumb\"},\"inLanguage\":\"fr-FR\",\"potentialAction\":[{\"@type\":\"ReadAction\",\"target\":[\"https:\/\/routesforgood.com\/fr\/faq\/\"]}]},{\"@type\":\"BreadcrumbList\",\"@id\":\"https:\/\/routesforgood.com\/fr\/faq\/#breadcrumb\",\"itemListElement\":[{\"@type\":\"ListItem\",\"position\":1,\"name\":\"Home\",\"item\":\"https:\/\/routesforgood.com\/fr\/\"},{\"@type\":\"ListItem\",\"position\":2,\"name\":\"FAQ\"}]},{\"@type\":\"WebSite\",\"@id\":\"https:\/\/routesforgood.com\/fr\/#website\",\"url\":\"https:\/\/routesforgood.com\/fr\/\",\"name\":\"Routes for good\",\"description\":\"\u03a4\u03b1\u03be\u03b9\u03b4\u03b5\u03cd\u03bf\u03bd\u03c4\u03b1\u03c2 \u03c3\u03b5 \u03ad\u03bd\u03b1 \u03ba\u03b1\u03bb\u03cd\u03c4\u03b5\u03c1\u03bf \u03ba\u03cc\u03c3\u03bc\u03bf\",\"publisher\":{\"@id\":\"https:\/\/routesforgood.com\/fr\/#organization\"},\"potentialAction\":[{\"@type\":\"SearchAction\",\"target\":{\"@type\":\"EntryPoint\",\"urlTemplate\":\"https:\/\/routesforgood.com\/fr\/?s={search_term_string}\"},\"query-input\":{\"@type\":\"PropertyValueSpecification\",\"valueRequired\":true,\"valueName\":\"search_term_string\"}}],\"inLanguage\":\"fr-FR\"},{\"@type\":\"Organization\",\"@id\":\"https:\/\/routesforgood.com\/fr\/#organization\",\"name\":\"Routes For Good\",\"url\":\"https:\/\/routesforgood.com\/fr\/\",\"logo\":{\"@type\":\"ImageObject\",\"inLanguage\":\"fr-FR\",\"@id\":\"https:\/\/routesforgood.com\/fr\/#\/schema\/logo\/image\/\",\"url\":\"https:\/\/routesforgood.com\/wp-content\/uploads\/2020\/09\/Routes-for-good-logo-tagline.png\",\"contentUrl\":\"https:\/\/routesforgood.com\/wp-content\/uploads\/2020\/09\/Routes-for-good-logo-tagline.png\",\"width\":1274,\"height\":1477,\"caption\":\"Routes For Good\"},\"image\":{\"@id\":\"https:\/\/routesforgood.com\/fr\/#\/schema\/logo\/image\/\"},\"sameAs\":[\"https:\/\/www.facebook.com\/routesforgood\",\"https:\/\/www.instagram.com\/routesforgood\/\"]}]}<\/script>\n<!-- \/ Yoast SEO plugin. -->","yoast_head_json":{"title":"FAQ - Routes for good","robots":{"index":"index","follow":"follow","max-snippet":"max-snippet:-1","max-image-preview":"max-image-preview:large","max-video-preview":"max-video-preview:-1"},"canonical":"https:\/\/routesforgood.com\/fr\/faq\/","og_locale":"fr_FR","og_type":"article","og_title":"FAQ - Routes for good","og_description":"Tent\u00e9s par nos s\u00e9jours et notre philosophie, mais toujours des doutes ou pr\u00e9occupations? Nous sommes ici pour vous aider! Si vous avez la moindre question en t\u00eate, \u00e0 laquelle nous n\u2019avons pas pu r\u00e9pondre ici, n\u2019h\u00e9sitez pas \u00e0 nous \u00e9crire directement \u00e0 l\u2019adresse suivante: contact@routesforgood.com Vos voyages sont-ils organis\u00e9s et pr\u00e9vus \u00e0 des dates en [&hellip;]","og_url":"https:\/\/routesforgood.com\/fr\/faq\/","og_site_name":"Routes for good","article_publisher":"https:\/\/www.facebook.com\/routesforgood","article_modified_time":"2023-01-05T14:45:59+00:00","twitter_card":"summary_large_image","twitter_misc":{"Est. reading time":"3 minutes"},"schema":{"@context":"https:\/\/schema.org","@graph":[{"@type":"WebPage","@id":"https:\/\/routesforgood.com\/fr\/faq\/","url":"https:\/\/routesforgood.com\/fr\/faq\/","name":"FAQ - Routes for good","isPartOf":{"@id":"https:\/\/routesforgood.com\/fr\/#website"},"datePublished":"2020-08-27T20:42:03+00:00","dateModified":"2023-01-05T14:45:59+00:00","breadcrumb":{"@id":"https:\/\/routesforgood.com\/fr\/faq\/#breadcrumb"},"inLanguage":"fr-FR","potentialAction":[{"@type":"ReadAction","target":["https:\/\/routesforgood.com\/fr\/faq\/"]}]},{"@type":"BreadcrumbList","@id":"https:\/\/routesforgood.com\/fr\/faq\/#breadcrumb","itemListElement":[{"@type":"ListItem","position":1,"name":"Home","item":"https:\/\/routesforgood.com\/fr\/"},{"@type":"ListItem","position":2,"name":"FAQ"}]},{"@type":"WebSite","@id":"https:\/\/routesforgood.com\/fr\/#website","url":"https:\/\/routesforgood.com\/fr\/","name":"Routes for good","description":"\u03a4\u03b1\u03be\u03b9\u03b4\u03b5\u03cd\u03bf\u03bd\u03c4\u03b1\u03c2 \u03c3\u03b5 \u03ad\u03bd\u03b1 \u03ba\u03b1\u03bb\u03cd\u03c4\u03b5\u03c1\u03bf \u03ba\u03cc\u03c3\u03bc\u03bf","publisher":{"@id":"https:\/\/routesforgood.com\/fr\/#organization"},"potentialAction":[{"@type":"SearchAction","target":{"@type":"EntryPoint","urlTemplate":"https:\/\/routesforgood.com\/fr\/?s={search_term_string}"},"query-input":{"@type":"PropertyValueSpecification","valueRequired":true,"valueName":"search_term_string"}}],"inLanguage":"fr-FR"},{"@type":"Organization","@id":"https:\/\/routesforgood.com\/fr\/#organization","name":"Routes For Good","url":"https:\/\/routesforgood.com\/fr\/","logo":{"@type":"ImageObject","inLanguage":"fr-FR","@id":"https:\/\/routesforgood.com\/fr\/#\/schema\/logo\/image\/","url":"https:\/\/routesforgood.com\/wp-content\/uploads\/2020\/09\/Routes-for-good-logo-tagline.png","contentUrl":"https:\/\/routesforgood.com\/wp-content\/uploads\/2020\/09\/Routes-for-good-logo-tagline.png","width":1274,"height":1477,"caption":"Routes For Good"},"image":{"@id":"https:\/\/routesforgood.com\/fr\/#\/schema\/logo\/image\/"},"sameAs":["https:\/\/www.facebook.com\/routesforgood","https:\/\/www.instagram.com\/routesforgood\/"]}]}},"_links":{"self":[{"href":"https:\/\/routesforgood.com\/fr\/wp-json\/wp\/v2\/pages\/13697"}],"collection":[{"href":"https:\/\/routesforgood.com\/fr\/wp-json\/wp\/v2\/pages"}],"about":[{"href":"https:\/\/routesforgood.com\/fr\/wp-json\/wp\/v2\/types\/page"}],"author":[{"embeddable":true,"href":"https:\/\/routesforgood.com\/fr\/wp-json\/wp\/v2\/users\/2"}],"replies":[{"embeddable":true,"href":"https:\/\/routesforgood.com\/fr\/wp-json\/wp\/v2\/comments?post=13697"}],"version-history":[{"count":4,"href":"https:\/\/routesforgood.com\/fr\/wp-json\/wp\/v2\/pages\/13697\/revisions"}],"predecessor-version":[{"id":14021,"href":"https:\/\/routesforgood.com\/fr\/wp-json\/wp\/v2\/pages\/13697\/revisions\/14021"}],"wp:attachment":[{"href":"https:\/\/routesforgood.com\/fr\/wp-json\/wp\/v2\/media?parent=13697"}],"curies":[{"name":"wp","href":"https:\/\/api.w.org\/{rel}","templated":true}]}}